{"id":2,"date":"2010-01-14T08:48:01","date_gmt":"2010-01-14T08:48:01","guid":{"rendered":"http:\/\/aisciai.lt\/ritinis\/?page_id=2"},"modified":"2025-02-09T11:07:32","modified_gmt":"2025-02-09T09:07:32","slug":"about","status":"publish","type":"page","link":"https:\/\/ritinis.lt\/?page_id=2","title":{"rendered":"Apie mus"},"content":{"rendered":"<p>LIETUVOS RITINIO SPORTO FEDERACIJA<\/p>\n<p>Kodas 191948770<\/p>\n<p>\u012eregistruota 1997 m. rugs\u0117jo 9 d. LR Teisingumo ministerijoje \u012fsakymu Nr. 205 \u2013 V<\/p>\n<p>Adresas: \u017dalgirio g. 15, Vilkavi\u0161kis<\/p>\n<p>Tel. +370-615-12707<\/p>\n<p>El. pa\u0161tas: lritinis@gmail.com<\/p>\n<p>Prezidentas: Rimantas Dir\u017eius tel. +370-615-12707<\/p>\n<p>Viceprezidentas: Povilas Rubinas tel. +370-616-38203; +370-448-49102<\/p>\n","protected":false},"excerpt":{"rendered":"<p>LIETUVOS RITINIO SPORTO FEDERACIJA Kodas 191948770 \u012eregistruota 1997 m. rugs\u0117jo 9 d. LR Teisingumo ministerijoje \u012fsakymu Nr. 205 \u2013 V Adresas: \u017dalgirio g. 15, Vilkavi\u0161kis Tel. +370-615-12707 El. pa\u0161tas: lritinis@gmail.com Prezidentas: Rimantas Dir\u017eius tel. +370-615-12707 Viceprezidentas: Povilas Rubinas tel. +370-616-38203; +370-448-49102<\/p>\n","protected":false},"author":1,"featured_media":0,"parent":0,"menu_order":0,"comment_status":"open","ping_status":"open","template":"","meta":{"footnotes":""},"class_list":["post-2","page","type-page","status-publish","hentry"],"_links":{"self":[{"href":"https:\/\/ritinis.lt\/index.php?rest_route=\/wp\/v2\/pages\/2","targetHints":{"allow":["GET"]}}],"collection":[{"href":"https:\/\/ritinis.lt\/index.php?rest_route=\/wp\/v2\/pages"}],"about":[{"href":"https:\/\/ritinis.lt\/index.php?rest_route=\/wp\/v2\/types\/page"}],"author":[{"embeddable":true,"href":"https:\/\/ritinis.lt\/index.php?rest_route=\/wp\/v2\/users\/1"}],"replies":[{"embeddable":true,"href":"https:\/\/ritinis.lt\/index.php?rest_route=%2Fwp%2Fv2%2Fcomments&post=2"}],"version-history":[{"count":8,"href":"https:\/\/ritinis.lt\/index.php?rest_route=\/wp\/v2\/pages\/2\/revisions"}],"predecessor-version":[{"id":1876,"href":"https:\/\/ritinis.lt\/index.php?rest_route=\/wp\/v2\/pages\/2\/revisions\/1876"}],"wp:attachment":[{"href":"https:\/\/ritinis.lt\/index.php?rest_route=%2Fwp%2Fv2%2Fmedia&parent=2"}],"curies":[{"name":"wp","href":"https:\/\/api.w.org\/{rel}","templated":true}]}}