{"id":16,"date":"2010-01-19T09:15:05","date_gmt":"2010-01-19T07:15:05","guid":{"rendered":"http:\/\/aisciai.lt\/ritinis\/?page_id=16"},"modified":"2026-02-06T23:57:32","modified_gmt":"2026-02-06T21:57:32","slug":"nuostatai","status":"publish","type":"page","link":"https:\/\/ritinis.lt\/?page_id=16","title":{"rendered":"Nuostatai"},"content":{"rendered":"<p class=\"MsoNormal\" style=\"margin: 0cm 0cm 0pt; line-height: 150%; text-align: right;\"><span style=\"font-family: Times New Roman;\"><span lang=\"LT\" style=\"font-size: 12pt; line-height: 150%; mso-ansi-language: LT;\">TVIRTINU<\/span><span lang=\"EN-GB\" style=\"font-size: 12pt; line-height: 150%;\">: ______________<\/span> <\/span><\/p>\n<p class=\"MsoNormal\" style=\"margin: 0cm 0cm 0pt; line-height: 150%; text-align: right;\"><span style=\"font-family: Times New Roman;\"><span lang=\"LT\" style=\"font-size: 12pt; line-height: 150%; mso-ansi-language: LT;\">LRSF<\/span><span lang=\"EN-GB\" style=\"font-size: 12pt; line-height: 150%;\"> prezidentas R. Dir\u017eius<\/span><\/span><\/p>\n<h2 style=\"text-align: center;\"><strong>2026 met\u0173 65-ojo Lietuvos ritinio<\/strong><br \/>\n<strong>\u010dempionato nuostatai<\/strong><\/h2>\n<p><strong>1. Tikslas ir u\u017edaviniai<\/strong><br \/>\n1.1. Populiarinti ritinio sport\u0105 Lietuvoje<br \/>\n1.2. Kelti ritinio \u017eaid\u0117j\u0173 meistri\u0161kum\u0105<br \/>\n1.3. I\u0161ai\u0161kinti geriausi\u0105 2026 m. ritinio komand\u0105<br \/>\n<strong>2. \u010cempionato vykdymo laikas ir pravedimo sistema<\/strong><br \/>\n2.1. Lietuvos ritinio \u010dempionatas vykdomas penki\u0173 rat\u0173 sistema. Pirmas ratas vyks gegu\u017e\u0117s &#8211; 16 \u2013 17 d. Palangoje, antras ratas \u2013 bir\u017eelio 20 \u2013 21 d. \u0160iauliuose, tre\u010dias ratas \u2013 liepos 11 \u2013 12 d. Kaune, ketvirtas ratas \u2013 rugpj\u016b\u010dio 22 \u2013 23 d. Kupi\u0161kyje, penktas ratas \u2013 rugs\u0117jo 05 \u2013 06 d. Vilkavi\u0161kyje.<\/p>\n<p><strong>3. Dalyviai<\/strong><br \/>\n3.1. 65-me ritinio \u010dempionate dalyvauja: Plung\u0117s SRC &#8211; Plateliai, Vilkavi\u0161kio MRSK \u201e\u017diedas\u201c, Kauno RSK \u201eAis\u010diai\u201c, Kupi\u0161kio MRSK \u201eAuk\u0161tai\u010diai\u201c.<\/p>\n<p>3.2. Kitiems sporto klubams ir ritinio komandoms \u010dempionate leid\u017eiama dalyvauti pagal pateiktas i\u0161ankstines parai\u0161kas (vienas m\u0117nuo iki \u010dempionato prad\u017eios) ir federacijos suva\u017eiavimo sutikimu.<\/p>\n<p>3.3. Komandos sud\u0117tis &#8211; 11 \u017eaid\u0117j\u0173 ir treneris.<br \/>\n<strong>4. \u010cempionato vadovavimas, vykdymas, viet\u0173 ir nugal\u0117toj\u0173 nustatymas<\/strong><br \/>\n4.1. Ritinio \u010dempionat\u0105 vykdo ir jam vadovauja Lietuvos ritinio sporto federacija.<br \/>\n4.2. \u010cempionato nuostatus ir vykdymo tvark\u0105 gali pakeisti tik federacijos suva\u017eiavimas.<br \/>\n4.3. \u010cempionato rungtyn\u0117s \u017eaid\u017eiamos pagal \u201eLietuvi\u0161ko ritinio var\u017eyb\u0173 taisykles\u201c\u00a02023 m.<br \/>\n4.4. \u010cempionato rungtynes sudaro du k\u0117liniai po 15 min. gryno laiko su 10 min. pertrauka.<br \/>\n4.5. Kiekvienas \u017eaid\u0117jas aik\u0161t\u0117je turi tur\u0117ti tvarking\u0105 sportin\u0119 aprang\u0105 su numeriu, atitinkan\u010diu \u012fra\u0161yt\u0105 rungtyni\u0173 protokole. \u012e protokol\u0105 leid\u017eiama \u012fra\u0161yti ne daugiau kaip 12 \u017eaid\u0117j\u0173, turin\u010di\u0173 teis\u0119 dalyvauti rungtyn\u0117se.<br \/>\n4.6. \u017daid\u0117j\u0173 keitimas neribojamas. Leid\u017eiamas atgalinis keitimas. Vienu metu galima\u00a0keisti ne daugiau kaip du vienos komandos \u017eaid\u0117jus.<br \/>\n4.7. \u017daid\u0117jas \u010dempionato metu gali \u017eaisti tik u\u017e vien\u0105 komand\u0105. \u010cempionato metu \u017eaid\u0117jams \u017eaisti keliose komandose draud\u017eiama.<br \/>\n4.8. U\u017e pergal\u0119 rungtyn\u0117se skiriami &#8211; 4 ta\u0161kai, u\u017e lygiasias &#8211; 2 ta\u0161kai, u\u017e pralaim\u0117jim\u0105 &#8211; 1 ta\u0161kas, u\u017e neatvykim\u0105 &#8211; 0 ta\u0161k\u0173.<br \/>\n4.9. \u010cempionato nugal\u0117tojai nustatomi pagal did\u017eiausi\u0105 surinkt\u0173 ta\u0161k\u0173 sum\u0105.<br \/>\n4.10. Surinkus vienod\u0105 ta\u0161k\u0173 sum\u0105 dviem komandoms, vieta nustatoma pagal:<br \/>\n4.10.1. pergali\u0173 skai\u010di\u0173 tarpusavio susitikimuose<br \/>\n4.10.2. \u012fvar\u010di\u0173 skirtum\u0105 tarpusavio susitikimuose<br \/>\n4.10.3. bendr\u0105 pergali\u0173 skai\u010di\u0173<br \/>\n4.10.4. bendr\u0105 \u012fvar\u010di\u0173 skirtum\u0105<br \/>\n4.10.5. did\u017eiausi\u0105 \u012fmest\u0173 \u012fvar\u010di\u0173 skai\u010di\u0173 visuose susitikimuose<br \/>\n4.10.6. burt\u0173 keliu.<br \/>\n4.11. Surinkus vienod\u0105 ta\u0161k\u0173 skai\u010di\u0173 daugiau kaip dviem komandoms, vieta nustatoma pagal ta\u0161k\u0173 skai\u010di\u0173 tarpusavio susitikimuose. Esant \u0161iems rodikliams vienodiems, vietos nustatomos pagal:<\/p>\n<p>4.11.1. pergali\u0173 skai\u010di\u0173 tarpusavio susitikimuose<br \/>\n4.11.2. \u012fvar\u010di\u0173 skirtum\u0105 tarpusavio susitikimuose<br \/>\n4.11.3. bendr\u0105 pergali\u0173 skai\u010di\u0173<br \/>\n4.11.4. bendr\u0105 \u012fvar\u010di\u0173 skirtum\u0105<br \/>\n4.11.5. did\u017eiausi\u0105 \u012fmest\u0173 \u012fvar\u010di\u0173 skai\u010di\u0173 visuose susitikimuose<br \/>\n4.11.6. burt\u0173 keliu.<br \/>\n4.12. Komandos privalo tur\u0117ti po du skirting\u0173 spalv\u0173 sportin\u0117s aprangos komplektus. Aprangos spalvos pasirinkimo pirmenyb\u0117 teikiama atvykusiai komandai. \u017daid\u017eiant abiems atvykusioms komandoms &#8211; burt\u0173 keliu.<br \/>\n4.13. Komandai neatvykus \u012f var\u017eybas, jai u\u017eskaitomas pralaim\u0117jimas 0:7.<br \/>\n<strong>5. Teis\u0117javimas<\/strong><br \/>\n5.1. Lietuvos ritinio \u010dempionato teis\u0117javim\u0105 vykdo LRSF teis\u0117j\u0173 taryba.<br \/>\n5.2. Ritinio \u010dempionato vyr. teis\u0117ju skiriamas P. Rubinas (Plateliai, Plung\u0117 raj.).<br \/>\n5.3. Teis\u0117jus rungtyn\u0117ms skiria LRSF teis\u0117j\u0173 taryba.<br \/>\n5.4. Pasibaigus rungtyn\u0117ms, teis\u0117jai per 24 val. privalo i\u0161si\u0173sti rungtyni\u0173 protokolus LRSF ir prane\u0161ti var\u017eyb\u0173 rezultatus tel. mob. 0-615-12707, el. pa\u0161tu: Lritinis@gmail.com<br \/>\n5.5. Teis\u0117jai, paskirti teis\u0117jauti \u010dempionato turui, negalintys atvykti \u012f var\u017eybas, prane\u0161a apie tai LRSF ne v\u0117liau kaip prie\u0161 5 dienas iki var\u017eyb\u0173 prad\u017eios.<br \/>\n5.6. Neatvykus teis\u0117jui \u012f \u010dempionat\u0105, vietin\u0117 komisija skiria savo auk\u0161\u010diausios\u00a0kvalifikacijos teis\u0117j\u0105.<br \/>\n5.7. Nedisciplinuotas treneri\u0173 elgesys, nesutikimas su teis\u0117jo sprendimais ir t. t. baud\u017eiamas aik\u0161t\u0117s \u017eaid\u0117jo pa\u0161alinimu 2 arba 5 minut\u0117ms. Nuobaud\u0105 atlieka kapitono nurodytas aik\u0161t\u0117s \u017eaid\u0117jas.<br \/>\n5.8. Esant gin\u010dytinai situacijai, tik komandos kapitonas gali kreiptis \u012f teis\u0117j\u0105 d\u0117l priimto sprendimo. Teis\u0117jas tuo atveju privalo greitai ir mandagiai i\u0161ai\u0161kinti susidariusi\u0105 situacij\u0105 ir t\u0119sti rungtynes.<br \/>\n5.9. Komandai savavali\u0161kai nutraukus rungtynes, jai u\u017eskaitomas pralaim\u0117jimas 0:7,\u00a0ta\u0161kai u\u017e rungtynes neskiriami.<br \/>\n5.10. Nesant medicinos personalo, teis\u0117jas privalo nevykdyti var\u017eyb\u0173.<br \/>\n<strong>6. Protest\u0173 padavimo tvarka<\/strong><br \/>\n6.1. Komandos vadovas arba treneris, paduodantis protest\u0105, privalo tuojau po rungtyni\u0173 apie tai \u012fsp\u0117ti teis\u0117jus ir var\u017eov\u0173 komandos vadov\u0105 arba trener\u012f. Parei\u0161kim\u0105 apie protest\u0105 bei motyvus treneris arba vadovas trumpai u\u017era\u0161o \u012f rungtyni\u0173 protokol\u0105. Turo metu vyr. teis\u0117jas priima galutin\u012f sprendim\u0105. Komandos vadovas arba treneris, nesutinkantis su vyr. teis\u0117jo sprendimu per 24 valandas gali kreiptis \u012f LRSF teis\u0117j\u0173 taryb\u0105.<br \/>\n6.2. Teis\u0117j\u0173 taryba nepriima ir nesvarsto protest\u0173, jeigu jie yra d\u0117l neobjektyvaus\u00a0teis\u0117javimo, pasiekt\u0173 \u012fvar\u010di\u0173.<\/p>\n<p><strong>7. Komand\u0173 pri\u0117mimo tvarka ir s\u0105lygos<\/strong><br \/>\n7.1. Komandos \u012f var\u017eybas vyksta savo l\u0117\u0161omis (kelion\u0117, maitinimas, nakvyn\u0117).<br \/>\n7.2. Var\u017eyb\u0173 pravedimo bei teis\u0117javimo i\u0161laidas padengia LRSF.<br \/>\n7.3. Atvykstan\u010dios komandos ir teis\u0117jai, norintys gauti nakvyn\u0119, prane\u0161a apie tai\u00a0priiman\u010diai komandai ne v\u0117liau kaip prie\u0161 5 dienas iki rungtyni\u0173 dienos.<br \/>\n7.4. Tur\u0105 priimanti komanda kartu su stadiono administracija privalo:<br \/>\n7.4.1. tinkamai paruo\u0161ti ritinio aik\u0161t\u0119, sutinkamai su ritinio taisykl\u0117mis,<br \/>\n7.4.2. u\u017etikrinti medicinos personalo bud\u0117jim\u0105 var\u017eyb\u0173 metu. Medicinos personalui\u00a0u\u017e bud\u0117jim\u0105 rungtyni\u0173 metu apmoka LRSF.<br \/>\n<strong>8. Parai\u0161k\u0173 registracija<\/strong><br \/>\n8.1. Komandos, dalyvaujan\u010dios \u010dempionate, privalo iki 2026 04 24 d. u\u017eregistruoti parai\u0161kas LRSF (\u017dalgirio 15, Vilkavi\u0161kis, tel. 0-615-12707 el.p.: Lritinis@gmail.com)<br \/>\n8.2. Parai\u0161kos galioja esant klubo antspaudui, vadovo ir gydytojo para\u0161ui.<br \/>\n<strong>9. Apdovanojimas<\/strong><br \/>\nRitinio komandai, laim\u0117jusiai pirm\u0105j\u0105 viet\u0105, suteikiamas Lietuvos Respublikos \u010dempiono vardas. Komanda apdovanojama LRSF diplomu ir prizu. Komandos \u017eaid\u0117jai, vadovas ir treneris apdovanojami I laipsnio diplomais ir medaliais. Komandos, u\u017e\u0117musios II ir III vietas, apdovanojamos atitinkamo laipsnio diplomais ir medaliais. \u010cempionato geriausi \u017eaid\u0117jai apdovanojami asmenin\u0117mis dovanomis.<\/p>\n<p><strong>10. \u010cempionato metu bus filmuojama ir fotografuojama.<br \/>\n<\/strong>Filmuota ir fotografuota med\u017eiaga gali b\u016bti vie\u0161inama. Dalyvavimas ritinio \u010dempionate, rei\u0161kia j\u016bs\u0173 sutikim\u0105 d\u0117l filmuotos ar fotografuotos med\u017eiagos vie\u0161inimo \u012fvairiose \u017einiasklaidos priemon\u0117se.<\/p>\n<p style=\"text-align: right;\">TVIRTINU: ______________<\/p>\n<p style=\"text-align: right;\">LRSF prezidentas R. Dir\u017eius<\/p>\n<h2 style=\"text-align: center;\"><strong>2026 met\u0173 4 &#8211; ojo Lietuvos moter\u0173 ritinio<\/strong><br \/>\n<strong>\u010dempionato nuostatai<\/strong><\/h2>\n<p style=\"text-align: left;\"><strong>1. Tikslas ir u\u017edaviniai<\/strong><br \/>\n1.1. Populiarinti ritinio sport\u0105 Lietuvoje<br \/>\n1.2. Kelti ritinio \u017eaid\u0117j\u0173 meistri\u0161kum\u0105<br \/>\n1.3. I\u0161ai\u0161kinti geriausi\u0105 2026 m. moter\u0173 ritinio komand\u0105<br \/>\n<strong>2. \u010cempionato vykdymo laikas ir pravedimo sistema<\/strong><br \/>\n2.1. Lietuvos moter\u0173 ritinio \u010dempionatas vykdomas 3 rat\u0173 sistema. \u010cempionato 1 ratas vyks bir\u017eelio 20 &#8211; 21 d. \u0160iauliuose, 2 ratas &#8211; liepos 18 &#8211; 19 d. Kupi\u0161kyje, 3 ratas \u2013 rugs\u0117jo 12 &#8211; 13 d. \u0160iauliuose.<br \/>\n<strong>3. Dalyviai<\/strong><br \/>\n3.1. 4 &#8211; me moter\u0173 ritinio \u010dempionate dalyvauja: Elektr\u0117n\u0173 Versm\u0117s, \u0160iauli\u0173, Kupi\u0161kio, Elektr\u0117n\u0173- Ukrainie\u010di\u0173 ir Jaunalietuvi\u0173 ritinio komandos.<br \/>\n3.2. Kitiems sporto klubams ir ritinio komandoms \u010dempionate leid\u017eiama dalyvauti pagal pateiktas (iki 2026 m. 06 12 d.) i\u0161ankstines parai\u0161kas. Tel. mob. 0-615-12707, el. pa\u0161tu: Lritinis@gmail.com<br \/>\n3.3. Komandos sud\u0117tis &#8211; 10 \u017eaid\u0117j\u0173.<br \/>\n<strong>4. \u010cempionato vadovavimas, vykdymas, viet\u0173 ir nugal\u0117toj\u0173 nustatymas<\/strong><br \/>\n4.1. Ritinio \u010dempionat\u0105 vykdo ir jam vadovauja Lietuvos ritinio sporto federacija.<br \/>\n4.2. \u010cempionato rungtyn\u0117s \u017eaid\u017eiamos pagal \u201eLietuvi\u0161ko ritinio var\u017eyb\u0173 taisykles\u201c 2023 m. \u017daidimui naudojama gumin\u0117 14 cm. skersmens, 2,2 cm. storio ir 400 gr. svorio ripka. Ritmu\u0161a ne ilgesn\u0117 kaip 130 cm.<br \/>\n4.3. \u010cempionato rungtynes sudaro du k\u0117liniai po 10 min. gryno laiko su 10 min.\u00a0pertrauka.<br \/>\n4.4. Kiekviena \u017eaid\u0117ja aik\u0161t\u0117je turi tur\u0117ti tvarking\u0105 sportin\u0119 aprang\u0105 su numeriu, atitinkan\u010diu \u012fra\u0161yt\u0105 rungtyni\u0173 protokole. \u012e protokol\u0105 leid\u017eiama \u012fra\u0161yti ne daugiau kaip 10 \u017eaid\u0117j\u0173.<br \/>\n4.5. \u017daid\u0117j\u0173 keitimas neribojamas.<br \/>\n4.6. \u017daid\u0117ja, \u010dempionato metu, gali \u017eaisti tik u\u017e vien\u0105 komand\u0105.<br \/>\n4.7. U\u017e pergal\u0119 rungtyn\u0117se skiriami &#8211; 4 ta\u0161kai, u\u017e lygiasias &#8211; 2 ta\u0161kai, u\u017e pralaim\u0117jim\u0105 &#8211; 1 ta\u0161kas.<\/p>\n<p style=\"text-align: left;\">4.8. \u010cempionato nugal\u0117tojai nustatomi pagal did\u017eiausi\u0105 surinkt\u0173 ta\u0161k\u0173 sum\u0105.<br \/>\n4.9. Surinkus vienod\u0105 ta\u0161k\u0173 sum\u0105 dviem komandoms, vieta nustatoma pagal:<br \/>\n4.9.1. pergali\u0173 skai\u010di\u0173 tarpusavio susitikimuose<br \/>\n4.9.2. \u012fvar\u010di\u0173 skirtum\u0105 tarpusavio susitikimuose<br \/>\n4.9.3. bendr\u0105 pergali\u0173 skai\u010di\u0173<br \/>\n4.9.4. bendr\u0105 \u012fvar\u010di\u0173 skirtum\u0105<br \/>\n4.9.5. did\u017eiausi\u0105 \u012fmest\u0173 \u012fvar\u010di\u0173 skai\u010di\u0173 visuose susitikimuose<br \/>\n4.9.6. burt\u0173 keliu.<br \/>\n4.10. Surinkus vienod\u0105 ta\u0161k\u0173 skai\u010di\u0173 daugiau kaip dviem komandoms, vieta nustatoma pagal ta\u0161k\u0173 skai\u010di\u0173 tarpusavio susitikimuose. Esant \u0161iems rodikliams vienodiems, vietos nustatomos pagal:<br \/>\n4.10.1. pergali\u0173 skai\u010di\u0173 tarpusavio susitikimuose<br \/>\n4.10.2. \u012fvar\u010di\u0173 skirtum\u0105 tarpusavio susitikimuose<br \/>\n4.10.3. bendr\u0105 pergali\u0173 skai\u010di\u0173<br \/>\n4.10.4. bendr\u0105 \u012fvar\u010di\u0173 skirtum\u0105<br \/>\n4.10.5. did\u017eiausi\u0105 \u012fmest\u0173 \u012fvar\u010di\u0173 skai\u010di\u0173 visuose susitikimuose<br \/>\n4.10.6. burt\u0173 keliu.<br \/>\n<strong>5. Teis\u0117javimas<\/strong><br \/>\n5.1. Lietuvos ritinio \u010dempionato teis\u0117javim\u0105 vykdo LRSF teis\u0117j\u0173 taryba.<br \/>\n5.2. Ritinio \u010dempionato vyr. teis\u0117ju skiriamas R. Dir\u017eius (Vilkavi\u0161kis).<\/p>\n<p style=\"text-align: left;\">5.3. Nedisciplinuotas treneri\u0173 elgesys, nesutikimas su teis\u0117jo sprendimais ir t. t. baud\u017eiamas aik\u0161t\u0117s \u017eaid\u0117jos pa\u0161alinimu 2 arba 5 minut\u0117ms. Nuobaud\u0105 atlieka kapiton\u0117s nurodyta aik\u0161t\u0117s \u017eaid\u0117ja.<br \/>\n5.4. Esant gin\u010dytinai situacijai, tik komandos kapiton\u0117 gali kreiptis \u012f teis\u0117j\u0105 d\u0117l priimto sprendimo. Teis\u0117jas tuo atveju privalo greitai ir mandagiai i\u0161ai\u0161kinti susidariusi\u0105 situacij\u0105 ir t\u0119sti rungtynes.<br \/>\n5.5. Komandai savavali\u0161kai nutraukus rungtynes, jai u\u017eskaitomas pralaim\u0117jimas 0:7.<br \/>\n5.6. Nesant medicinos personalo, teis\u0117jas privalo nevykdyti var\u017eyb\u0173.<br \/>\n<strong>6. Protest\u0173 padavimo tvarka<\/strong><br \/>\n6.1. Komandos vadovas arba treneris, paduodantis protest\u0105, privalo tuojau po rungtyni\u0173 apie tai \u012fsp\u0117ti teis\u0117jus ir var\u017eov\u0173 komandos vadov\u0105 arba trener\u012f. Parei\u0161kim\u0105 apie protest\u0105 bei motyvus treneris arba vadovas trumpai u\u017era\u0161o \u012f rungtyni\u0173 protokol\u0105. \u010cempionato metu vyr. teis\u0117jas priima galutin\u012f sprendim\u0105. Komandos vadovas arba treneris, nesutinkantis su vyr. teis\u0117jo sprendimu per 24 valandas gali kreiptis \u012f LRSF teis\u0117j\u0173 taryb\u0105.<br \/>\n6.2. Teis\u0117j\u0173 taryba nepriima ir nesvarsto protest\u0173, jeigu jie yra d\u0117l neobjektyvaus teis\u0117javimo, pasiekt\u0173 \u012fvar\u010di\u0173.<br \/>\n<strong>7. Komand\u0173 pri\u0117mimo tvarka ir s\u0105lygos<\/strong><br \/>\n7.1. Komandos \u012f var\u017eybas vyksta savo l\u0117\u0161omis (kelion\u0117, maitinimas, nakvyn\u0117).<br \/>\n7.2. Var\u017eyb\u0173 pravedimo bei teis\u0117javimo i\u0161laidas padengia LRSF.<br \/>\n7.3. \u010cempionat\u0105 priimanti komanda kartu su stadiono administracija privalo:<br \/>\n7.3.1. tinkamai paruo\u0161ti ritinio aik\u0161t\u0119, sutinkamai su ritinio taisykl\u0117mis,<br \/>\n7.3.2. u\u017etikrinti medicinos personalo bud\u0117jim\u0105 var\u017eyb\u0173 metu.<br \/>\n<strong>8. Apdovanojimas<\/strong><br \/>\nRitinio komandai, laim\u0117jusiai pirm\u0105j\u0105 viet\u0105, suteikiamas Lietuvos Respublikos \u010dempiono vardas. Komanda apdovanojama LRSF sportiniu prizu. Komandos \u017eaid\u0117jos apdovanojamos I laipsnio medaliais. Komandos, u\u017e\u0117musios II ir III vietas, apdovanojamos atitinkamo laipsnio sportiniais prizais ir medaliais. \u010cempionato geriausios \u017eaid\u0117jos apdovanojamos asmenin\u0117mis dovanomis.<\/p>\n<p><strong>9. \u010cempionato metu bus filmuojama ir fotografuojama.<br \/>\n<\/strong>Filmuota ir fotografuota med\u017eiaga gali b\u016bti vie\u0161inama. Dalyvavimas ritinio \u010dempionate, rei\u0161kia j\u016bs\u0173 sutikim\u0105 d\u0117l filmuotos ar fotografuotos med\u017eiagos vie\u0161inimo \u012fvairiose \u017einiasklaidos priemon\u0117se.<\/p>\n","protected":false},"excerpt":{"rendered":"<p>TVIRTINU: ______________ LRSF prezidentas R. Dir\u017eius 2026 met\u0173 65-ojo Lietuvos ritinio \u010dempionato nuostatai 1. Tikslas ir u\u017edaviniai 1.1. Populiarinti ritinio sport\u0105 Lietuvoje 1.2. Kelti ritinio \u017eaid\u0117j\u0173 meistri\u0161kum\u0105 1.3. I\u0161ai\u0161kinti geriausi\u0105 2026 m. ritinio komand\u0105 2. \u010cempionato vykdymo laikas ir pravedimo sistema 2.1. Lietuvos ritinio \u010dempionatas vykdomas penki\u0173 rat\u0173 sistema. Pirmas ratas vyks gegu\u017e\u0117s &#8211; 16 [&hellip;]<\/p>\n","protected":false},"author":1,"featured_media":0,"parent":0,"menu_order":0,"comment_status":"open","ping_status":"open","template":"","meta":{"footnotes":""},"class_list":["post-16","page","type-page","status-publish","hentry"],"_links":{"self":[{"href":"https:\/\/ritinis.lt\/index.php?rest_route=\/wp\/v2\/pages\/16","targetHints":{"allow":["GET"]}}],"collection":[{"href":"https:\/\/ritinis.lt\/index.php?rest_route=\/wp\/v2\/pages"}],"about":[{"href":"https:\/\/ritinis.lt\/index.php?rest_route=\/wp\/v2\/types\/page"}],"author":[{"embeddable":true,"href":"https:\/\/ritinis.lt\/index.php?rest_route=\/wp\/v2\/users\/1"}],"replies":[{"embeddable":true,"href":"https:\/\/ritinis.lt\/index.php?rest_route=%2Fwp%2Fv2%2Fcomments&post=16"}],"version-history":[{"count":26,"href":"https:\/\/ritinis.lt\/index.php?rest_route=\/wp\/v2\/pages\/16\/revisions"}],"predecessor-version":[{"id":1920,"href":"https:\/\/ritinis.lt\/index.php?rest_route=\/wp\/v2\/pages\/16\/revisions\/1920"}],"wp:attachment":[{"href":"https:\/\/ritinis.lt\/index.php?rest_route=%2Fwp%2Fv2%2Fmedia&parent=16"}],"curies":[{"name":"wp","href":"https:\/\/api.w.org\/{rel}","templated":true}]}}