{"id":102,"date":"2010-02-03T09:13:40","date_gmt":"2010-02-03T07:13:40","guid":{"rendered":"http:\/\/aisciai.lt\/ritinis\/?page_id=102"},"modified":"2010-02-03T09:35:46","modified_gmt":"2010-02-03T07:35:46","slug":"sporto-klubai","status":"publish","type":"page","link":"https:\/\/ritinis.lt\/?page_id=102","title":{"rendered":"Sporto klubai"},"content":{"rendered":"<p><a href=\"http:\/\/aisciai.lt\/ritinis\/?p=105\">Alvito RSK &#8222;\u0160irvinta&#8221;<\/a><\/p>\n<p><a href=\"http:\/\/aisciai.lt\/ritinis\/?p=108\">Kauno LRSK &#8222;Ais\u010diai&#8221;<\/a><\/p>\n<p><a href=\"http:\/\/aisciai.lt\/ritinis\/?p=111\">Kupi\u0161kio ritininkai<\/a><\/p>\n<p><a href=\"http:\/\/aisciai.lt\/ritinis\/?p=114\">\u0160iauli\u0173 MRSK &#8222;Vijol\u0117&#8221;<\/a><\/p>\n<p><a href=\"http:\/\/aisciai.lt\/ritinis\/?p=117\">Vilkavi\u0161kio MRSK &#8222;\u017diedas&#8221;<\/a><\/p>\n<p><a href=\"http:\/\/aisciai.lt\/ritinis\/?p=120\">Plung\u0117s ritininkai<\/a><\/p>\n<p><a href=\"http:\/\/aisciai.lt\/ritinis\/?p=123\">Plung\u0117s raj. RSK &#8222;Plateliai&#8221;<\/a><\/p>\n","protected":false},"excerpt":{"rendered":"<p>Alvito RSK &#8222;\u0160irvinta&#8221; Kauno LRSK &#8222;Ais\u010diai&#8221; Kupi\u0161kio ritininkai \u0160iauli\u0173 MRSK &#8222;Vijol\u0117&#8221; Vilkavi\u0161kio MRSK &#8222;\u017diedas&#8221; Plung\u0117s ritininkai Plung\u0117s raj. RSK &#8222;Plateliai&#8221;<\/p>\n","protected":false},"author":1,"featured_media":0,"parent":0,"menu_order":0,"comment_status":"open","ping_status":"open","template":"","meta":{"footnotes":""},"class_list":["post-102","page","type-page","status-publish","hentry"],"_links":{"self":[{"href":"https:\/\/ritinis.lt\/index.php?rest_route=\/wp\/v2\/pages\/102","targetHints":{"allow":["GET"]}}],"collection":[{"href":"https:\/\/ritinis.lt\/index.php?rest_route=\/wp\/v2\/pages"}],"about":[{"href":"https:\/\/ritinis.lt\/index.php?rest_route=\/wp\/v2\/types\/page"}],"author":[{"embeddable":true,"href":"https:\/\/ritinis.lt\/index.php?rest_route=\/wp\/v2\/users\/1"}],"replies":[{"embeddable":true,"href":"https:\/\/ritinis.lt\/index.php?rest_route=%2Fwp%2Fv2%2Fcomments&post=102"}],"version-history":[{"count":9,"href":"https:\/\/ritinis.lt\/index.php?rest_route=\/wp\/v2\/pages\/102\/revisions"}],"predecessor-version":[{"id":125,"href":"https:\/\/ritinis.lt\/index.php?rest_route=\/wp\/v2\/pages\/102\/revisions\/125"}],"wp:attachment":[{"href":"https:\/\/ritinis.lt\/index.php?rest_route=%2Fwp%2Fv2%2Fmedia&parent=102"}],"curies":[{"name":"wp","href":"https:\/\/api.w.org\/{rel}","templated":true}]}}